{"id":2,"date":"2022-07-09T19:40:58","date_gmt":"2022-07-09T19:40:58","guid":{"rendered":"http:\/\/teamadp.cl\/?page_id=2"},"modified":"2022-07-12T19:54:50","modified_gmt":"2022-07-12T19:54:50","slug":"sample-page","status":"publish","type":"page","link":"https:\/\/teamadp.cl\/?page_id=2","title":{"rendered":"QUIENES SOMOS"},"content":{"rendered":"\n<p>Somos un club deportivo sin fines de lucro, que entrega el servicio de entrenamientos de tres disciplinas, de preparaci\u00f3n para competici\u00f3n de triatl\u00f3n y cada una de ellas por separado.<\/p>\n\n\n\n<p><img decoding=\"async\" width=\"318px;\" height=\"318px;\" src=\"https:\/\/lh5.googleusercontent.com\/YvifrwiYnxKpQBJkSo8daR8XTKLcr8jNZ8-OfOEvFcFtA0-P3HJpQCPgvkCHLnLLI0AZ9NpMXQp-1HWC15xpZWPw2Aom7jthM_XUFp5RbOnbtqgBmGoe9b8LcM7BRaL5FsS_eRLPhgHWx6OzGg\"><\/p>\n\n\n\n<p><\/p>\n","protected":false},"excerpt":{"rendered":"<p>Somos un club deportivo sin fines de lucro, que entrega el servicio de entrenamientos de tres disciplinas, de preparaci\u00f3n para competici\u00f3n de triatl\u00f3n y cada una de ellas por separado.<\/p>\n","protected":false},"author":1,"featured_media":0,"parent":0,"menu_order":0,"comment_status":"closed","ping_status":"open","template":"","meta":{"footnotes":""},"class_list":["post-2","page","type-page","status-publish","hentry"],"yoast_head":"<!-- This site is optimized with the Yoast SEO plugin v20.5 - https:\/\/yoast.com\/wordpress\/plugins\/seo\/ -->\n<title>QUIENES SOMOS - TEAMADP<\/title>\n<meta name=\"description\" content=\"Club de Triatl\u00f3n Concepci\u00f3n Chile asociados a Fechitri, que busca instancias y espacios para el deporte en todas las edades.\" \/>\n<meta name=\"robots\" content=\"index, follow, max-snippet:-1, max-image-preview:large, max-video-preview:-1\" \/>\n<link rel=\"canonical\" href=\"https:\/\/teamadp.cl\/?page_id=2\" \/>\n<meta property=\"og:locale\" content=\"es_ES\" \/>\n<meta property=\"og:type\" content=\"article\" \/>\n<meta property=\"og:title\" content=\"QUIENES SOMOS - TEAMADP\" \/>\n<meta property=\"og:description\" content=\"Club de Triatl\u00f3n Concepci\u00f3n Chile asociados a Fechitri, que busca instancias y espacios para el deporte en todas las edades.\" \/>\n<meta property=\"og:url\" content=\"https:\/\/teamadp.cl\/?page_id=2\" \/>\n<meta property=\"og:site_name\" content=\"TEAMADP\" \/>\n<meta property=\"article:modified_time\" content=\"2022-07-12T19:54:50+00:00\" \/>\n<meta property=\"og:image\" content=\"https:\/\/lh5.googleusercontent.com\/YvifrwiYnxKpQBJkSo8daR8XTKLcr8jNZ8-OfOEvFcFtA0-P3HJpQCPgvkCHLnLLI0AZ9NpMXQp-1HWC15xpZWPw2Aom7jthM_XUFp5RbOnbtqgBmGoe9b8LcM7BRaL5FsS_eRLPhgHWx6OzGg\" \/>\n<meta name=\"twitter:card\" content=\"summary_large_image\" \/>\n<script type=\"application\/ld+json\" class=\"yoast-schema-graph\">{\"@context\":\"https:\/\/schema.org\",\"@graph\":[{\"@type\":\"WebPage\",\"@id\":\"https:\/\/teamadp.cl\/?page_id=2\",\"url\":\"https:\/\/teamadp.cl\/?page_id=2\",\"name\":\"QUIENES SOMOS - TEAMADP\",\"isPartOf\":{\"@id\":\"https:\/\/teamadp.cl\/#website\"},\"datePublished\":\"2022-07-09T19:40:58+00:00\",\"dateModified\":\"2022-07-12T19:54:50+00:00\",\"description\":\"Club de Triatl\u00f3n Concepci\u00f3n Chile asociados a Fechitri, que busca instancias y espacios para el deporte en todas las edades.\",\"breadcrumb\":{\"@id\":\"https:\/\/teamadp.cl\/?page_id=2#breadcrumb\"},\"inLanguage\":\"es-CL\",\"potentialAction\":[{\"@type\":\"ReadAction\",\"target\":[\"https:\/\/teamadp.cl\/?page_id=2\"]}]},{\"@type\":\"BreadcrumbList\",\"@id\":\"https:\/\/teamadp.cl\/?page_id=2#breadcrumb\",\"itemListElement\":[{\"@type\":\"ListItem\",\"position\":1,\"name\":\"Portada\",\"item\":\"https:\/\/teamadp.cl\/\"},{\"@type\":\"ListItem\",\"position\":2,\"name\":\"QUIENES SOMOS\"}]},{\"@type\":\"WebSite\",\"@id\":\"https:\/\/teamadp.cl\/#website\",\"url\":\"https:\/\/teamadp.cl\/\",\"name\":\"TEAMADP\",\"description\":\"Libera tu Energia\",\"publisher\":{\"@id\":\"https:\/\/teamadp.cl\/#organization\"},\"potentialAction\":[{\"@type\":\"SearchAction\",\"target\":{\"@type\":\"EntryPoint\",\"urlTemplate\":\"https:\/\/teamadp.cl\/?s={search_term_string}\"},\"query-input\":\"required name=search_term_string\"}],\"inLanguage\":\"es-CL\"},{\"@type\":\"Organization\",\"@id\":\"https:\/\/teamadp.cl\/#organization\",\"name\":\"TEAMADP\",\"url\":\"https:\/\/teamadp.cl\/\",\"logo\":{\"@type\":\"ImageObject\",\"inLanguage\":\"es-CL\",\"@id\":\"https:\/\/teamadp.cl\/#\/schema\/logo\/image\/\",\"url\":\"https:\/\/teamadp.cl\/wp-content\/uploads\/cropped-ADPHEAD.png\",\"contentUrl\":\"https:\/\/teamadp.cl\/wp-content\/uploads\/cropped-ADPHEAD.png\",\"width\":450,\"height\":200,\"caption\":\"TEAMADP\"},\"image\":{\"@id\":\"https:\/\/teamadp.cl\/#\/schema\/logo\/image\/\"}}]}<\/script>\n<!-- \/ Yoast SEO plugin. -->","yoast_head_json":{"title":"QUIENES SOMOS - TEAMADP","description":"Club de Triatl\u00f3n Concepci\u00f3n Chile asociados a Fechitri, que busca instancias y espacios para el deporte en todas las edades.","robots":{"index":"index","follow":"follow","max-snippet":"max-snippet:-1","max-image-preview":"max-image-preview:large","max-video-preview":"max-video-preview:-1"},"canonical":"https:\/\/teamadp.cl\/?page_id=2","og_locale":"es_ES","og_type":"article","og_title":"QUIENES SOMOS - TEAMADP","og_description":"Club de Triatl\u00f3n Concepci\u00f3n Chile asociados a Fechitri, que busca instancias y espacios para el deporte en todas las edades.","og_url":"https:\/\/teamadp.cl\/?page_id=2","og_site_name":"TEAMADP","article_modified_time":"2022-07-12T19:54:50+00:00","og_image":[{"url":"https:\/\/lh5.googleusercontent.com\/YvifrwiYnxKpQBJkSo8daR8XTKLcr8jNZ8-OfOEvFcFtA0-P3HJpQCPgvkCHLnLLI0AZ9NpMXQp-1HWC15xpZWPw2Aom7jthM_XUFp5RbOnbtqgBmGoe9b8LcM7BRaL5FsS_eRLPhgHWx6OzGg"}],"twitter_card":"summary_large_image","schema":{"@context":"https:\/\/schema.org","@graph":[{"@type":"WebPage","@id":"https:\/\/teamadp.cl\/?page_id=2","url":"https:\/\/teamadp.cl\/?page_id=2","name":"QUIENES SOMOS - TEAMADP","isPartOf":{"@id":"https:\/\/teamadp.cl\/#website"},"datePublished":"2022-07-09T19:40:58+00:00","dateModified":"2022-07-12T19:54:50+00:00","description":"Club de Triatl\u00f3n Concepci\u00f3n Chile asociados a Fechitri, que busca instancias y espacios para el deporte en todas las edades.","breadcrumb":{"@id":"https:\/\/teamadp.cl\/?page_id=2#breadcrumb"},"inLanguage":"es-CL","potentialAction":[{"@type":"ReadAction","target":["https:\/\/teamadp.cl\/?page_id=2"]}]},{"@type":"BreadcrumbList","@id":"https:\/\/teamadp.cl\/?page_id=2#breadcrumb","itemListElement":[{"@type":"ListItem","position":1,"name":"Portada","item":"https:\/\/teamadp.cl\/"},{"@type":"ListItem","position":2,"name":"QUIENES SOMOS"}]},{"@type":"WebSite","@id":"https:\/\/teamadp.cl\/#website","url":"https:\/\/teamadp.cl\/","name":"TEAMADP","description":"Libera tu Energia","publisher":{"@id":"https:\/\/teamadp.cl\/#organization"},"potentialAction":[{"@type":"SearchAction","target":{"@type":"EntryPoint","urlTemplate":"https:\/\/teamadp.cl\/?s={search_term_string}"},"query-input":"required name=search_term_string"}],"inLanguage":"es-CL"},{"@type":"Organization","@id":"https:\/\/teamadp.cl\/#organization","name":"TEAMADP","url":"https:\/\/teamadp.cl\/","logo":{"@type":"ImageObject","inLanguage":"es-CL","@id":"https:\/\/teamadp.cl\/#\/schema\/logo\/image\/","url":"https:\/\/teamadp.cl\/wp-content\/uploads\/cropped-ADPHEAD.png","contentUrl":"https:\/\/teamadp.cl\/wp-content\/uploads\/cropped-ADPHEAD.png","width":450,"height":200,"caption":"TEAMADP"},"image":{"@id":"https:\/\/teamadp.cl\/#\/schema\/logo\/image\/"}}]}},"_links":{"self":[{"href":"https:\/\/teamadp.cl\/index.php?rest_route=\/wp\/v2\/pages\/2","targetHints":{"allow":["GET"]}}],"collection":[{"href":"https:\/\/teamadp.cl\/index.php?rest_route=\/wp\/v2\/pages"}],"about":[{"href":"https:\/\/teamadp.cl\/index.php?rest_route=\/wp\/v2\/types\/page"}],"author":[{"embeddable":true,"href":"https:\/\/teamadp.cl\/index.php?rest_route=\/wp\/v2\/users\/1"}],"replies":[{"embeddable":true,"href":"https:\/\/teamadp.cl\/index.php?rest_route=%2Fwp%2Fv2%2Fcomments&post=2"}],"version-history":[{"count":2,"href":"https:\/\/teamadp.cl\/index.php?rest_route=\/wp\/v2\/pages\/2\/revisions"}],"predecessor-version":[{"id":21,"href":"https:\/\/teamadp.cl\/index.php?rest_route=\/wp\/v2\/pages\/2\/revisions\/21"}],"wp:attachment":[{"href":"https:\/\/teamadp.cl\/index.php?rest_route=%2Fwp%2Fv2%2Fmedia&parent=2"}],"curies":[{"name":"wp","href":"https:\/\/api.w.org\/{rel}","templated":true}]}}