{"id":22,"date":"2022-07-12T19:57:02","date_gmt":"2022-07-12T19:57:02","guid":{"rendered":"http:\/\/teamadp.cl\/?page_id=22"},"modified":"2022-07-12T19:57:02","modified_gmt":"2022-07-12T19:57:02","slug":"historia","status":"publish","type":"page","link":"https:\/\/teamadp.cl\/?page_id=22","title":{"rendered":"HISTORIA"},"content":{"rendered":"\n<p>Team ADP naci\u00f3 el 22 de Julio del 2015, fundado por su actual entrenador H\u00e9ctor Berroeta y un grupo de amigos que se vieron en la obligaci\u00f3n de conformar un grupo que cubriera su necesidad de ser preparados para las diferentes competencias que se avecinaban. Conforme a esto, el grupo fue creciendo, llegando a inclu\u00edr a m\u00e1s de 60 socios, tanto activos, como cooperadores. Hoy nuestra instituci\u00f3n cuenta con la colaboraci\u00f3n del GORE de la VIII regi\u00f3n, con distintos proyectos que ayudan a la preparaci\u00f3n e inclusi\u00f3n de deportistas de distintos sectores de la provincia.<\/p>\n","protected":false},"excerpt":{"rendered":"<p>Team ADP naci\u00f3 el 22 de Julio del 2015, fundado por su actual entrenador H\u00e9ctor Berroeta y un grupo de amigos que se vieron en la obligaci\u00f3n de conformar un grupo que cubriera su necesidad de ser preparados para las diferentes competencias que se avecinaban. Conforme a esto, el grupo fue creciendo, llegando a inclu\u00edr a m\u00e1s de 60 socios, tanto activos, como cooperadores. Hoy nuestra instituci\u00f3n cuenta con la colaboraci\u00f3n del GORE de la VIII regi\u00f3n, con distintos proyectos que ayudan a la preparaci\u00f3n e inclusi\u00f3n de deportistas de distintos sectores de la provincia.<\/p>\n","protected":false},"author":1,"featured_media":0,"parent":0,"menu_order":0,"comment_status":"closed","ping_status":"closed","template":"","meta":{"footnotes":""},"class_list":["post-22","page","type-page","status-publish","hentry"],"yoast_head":"<!-- This site is optimized with the Yoast SEO plugin v20.5 - https:\/\/yoast.com\/wordpress\/plugins\/seo\/ -->\n<title>HISTORIA - TEAMADP<\/title>\n<meta name=\"description\" content=\"Club de Triatl\u00f3n Concepci\u00f3n Chile asociados a Fechitri, que busca instancias y espacios para el deporte en todas las edades.\" \/>\n<meta name=\"robots\" content=\"index, follow, max-snippet:-1, max-image-preview:large, max-video-preview:-1\" \/>\n<link rel=\"canonical\" href=\"https:\/\/teamadp.cl\/?page_id=22\" \/>\n<meta property=\"og:locale\" content=\"es_ES\" \/>\n<meta property=\"og:type\" content=\"article\" \/>\n<meta property=\"og:title\" content=\"HISTORIA - TEAMADP\" \/>\n<meta property=\"og:description\" content=\"Club de Triatl\u00f3n Concepci\u00f3n Chile asociados a Fechitri, que busca instancias y espacios para el deporte en todas las edades.\" \/>\n<meta property=\"og:url\" content=\"https:\/\/teamadp.cl\/?page_id=22\" \/>\n<meta property=\"og:site_name\" content=\"TEAMADP\" \/>\n<meta name=\"twitter:card\" content=\"summary_large_image\" \/>\n<meta name=\"twitter:label1\" content=\"Est. reading time\" \/>\n\t<meta name=\"twitter:data1\" content=\"1 minuto\" \/>\n<script type=\"application\/ld+json\" class=\"yoast-schema-graph\">{\"@context\":\"https:\/\/schema.org\",\"@graph\":[{\"@type\":\"WebPage\",\"@id\":\"https:\/\/teamadp.cl\/?page_id=22\",\"url\":\"https:\/\/teamadp.cl\/?page_id=22\",\"name\":\"HISTORIA - TEAMADP\",\"isPartOf\":{\"@id\":\"https:\/\/teamadp.cl\/#website\"},\"datePublished\":\"2022-07-12T19:57:02+00:00\",\"dateModified\":\"2022-07-12T19:57:02+00:00\",\"description\":\"Club de Triatl\u00f3n Concepci\u00f3n Chile asociados a Fechitri, que busca instancias y espacios para el deporte en todas las edades.\",\"breadcrumb\":{\"@id\":\"https:\/\/teamadp.cl\/?page_id=22#breadcrumb\"},\"inLanguage\":\"es-CL\",\"potentialAction\":[{\"@type\":\"ReadAction\",\"target\":[\"https:\/\/teamadp.cl\/?page_id=22\"]}]},{\"@type\":\"BreadcrumbList\",\"@id\":\"https:\/\/teamadp.cl\/?page_id=22#breadcrumb\",\"itemListElement\":[{\"@type\":\"ListItem\",\"position\":1,\"name\":\"Portada\",\"item\":\"https:\/\/teamadp.cl\/\"},{\"@type\":\"ListItem\",\"position\":2,\"name\":\"HISTORIA\"}]},{\"@type\":\"WebSite\",\"@id\":\"https:\/\/teamadp.cl\/#website\",\"url\":\"https:\/\/teamadp.cl\/\",\"name\":\"TEAMADP\",\"description\":\"Libera tu Energia\",\"publisher\":{\"@id\":\"https:\/\/teamadp.cl\/#organization\"},\"potentialAction\":[{\"@type\":\"SearchAction\",\"target\":{\"@type\":\"EntryPoint\",\"urlTemplate\":\"https:\/\/teamadp.cl\/?s={search_term_string}\"},\"query-input\":\"required name=search_term_string\"}],\"inLanguage\":\"es-CL\"},{\"@type\":\"Organization\",\"@id\":\"https:\/\/teamadp.cl\/#organization\",\"name\":\"TEAMADP\",\"url\":\"https:\/\/teamadp.cl\/\",\"logo\":{\"@type\":\"ImageObject\",\"inLanguage\":\"es-CL\",\"@id\":\"https:\/\/teamadp.cl\/#\/schema\/logo\/image\/\",\"url\":\"https:\/\/teamadp.cl\/wp-content\/uploads\/cropped-ADPHEAD.png\",\"contentUrl\":\"https:\/\/teamadp.cl\/wp-content\/uploads\/cropped-ADPHEAD.png\",\"width\":450,\"height\":200,\"caption\":\"TEAMADP\"},\"image\":{\"@id\":\"https:\/\/teamadp.cl\/#\/schema\/logo\/image\/\"}}]}<\/script>\n<!-- \/ Yoast SEO plugin. -->","yoast_head_json":{"title":"HISTORIA - TEAMADP","description":"Club de Triatl\u00f3n Concepci\u00f3n Chile asociados a Fechitri, que busca instancias y espacios para el deporte en todas las edades.","robots":{"index":"index","follow":"follow","max-snippet":"max-snippet:-1","max-image-preview":"max-image-preview:large","max-video-preview":"max-video-preview:-1"},"canonical":"https:\/\/teamadp.cl\/?page_id=22","og_locale":"es_ES","og_type":"article","og_title":"HISTORIA - TEAMADP","og_description":"Club de Triatl\u00f3n Concepci\u00f3n Chile asociados a Fechitri, que busca instancias y espacios para el deporte en todas las edades.","og_url":"https:\/\/teamadp.cl\/?page_id=22","og_site_name":"TEAMADP","twitter_card":"summary_large_image","twitter_misc":{"Est. reading time":"1 minuto"},"schema":{"@context":"https:\/\/schema.org","@graph":[{"@type":"WebPage","@id":"https:\/\/teamadp.cl\/?page_id=22","url":"https:\/\/teamadp.cl\/?page_id=22","name":"HISTORIA - TEAMADP","isPartOf":{"@id":"https:\/\/teamadp.cl\/#website"},"datePublished":"2022-07-12T19:57:02+00:00","dateModified":"2022-07-12T19:57:02+00:00","description":"Club de Triatl\u00f3n Concepci\u00f3n Chile asociados a Fechitri, que busca instancias y espacios para el deporte en todas las edades.","breadcrumb":{"@id":"https:\/\/teamadp.cl\/?page_id=22#breadcrumb"},"inLanguage":"es-CL","potentialAction":[{"@type":"ReadAction","target":["https:\/\/teamadp.cl\/?page_id=22"]}]},{"@type":"BreadcrumbList","@id":"https:\/\/teamadp.cl\/?page_id=22#breadcrumb","itemListElement":[{"@type":"ListItem","position":1,"name":"Portada","item":"https:\/\/teamadp.cl\/"},{"@type":"ListItem","position":2,"name":"HISTORIA"}]},{"@type":"WebSite","@id":"https:\/\/teamadp.cl\/#website","url":"https:\/\/teamadp.cl\/","name":"TEAMADP","description":"Libera tu Energia","publisher":{"@id":"https:\/\/teamadp.cl\/#organization"},"potentialAction":[{"@type":"SearchAction","target":{"@type":"EntryPoint","urlTemplate":"https:\/\/teamadp.cl\/?s={search_term_string}"},"query-input":"required name=search_term_string"}],"inLanguage":"es-CL"},{"@type":"Organization","@id":"https:\/\/teamadp.cl\/#organization","name":"TEAMADP","url":"https:\/\/teamadp.cl\/","logo":{"@type":"ImageObject","inLanguage":"es-CL","@id":"https:\/\/teamadp.cl\/#\/schema\/logo\/image\/","url":"https:\/\/teamadp.cl\/wp-content\/uploads\/cropped-ADPHEAD.png","contentUrl":"https:\/\/teamadp.cl\/wp-content\/uploads\/cropped-ADPHEAD.png","width":450,"height":200,"caption":"TEAMADP"},"image":{"@id":"https:\/\/teamadp.cl\/#\/schema\/logo\/image\/"}}]}},"_links":{"self":[{"href":"https:\/\/teamadp.cl\/index.php?rest_route=\/wp\/v2\/pages\/22","targetHints":{"allow":["GET"]}}],"collection":[{"href":"https:\/\/teamadp.cl\/index.php?rest_route=\/wp\/v2\/pages"}],"about":[{"href":"https:\/\/teamadp.cl\/index.php?rest_route=\/wp\/v2\/types\/page"}],"author":[{"embeddable":true,"href":"https:\/\/teamadp.cl\/index.php?rest_route=\/wp\/v2\/users\/1"}],"replies":[{"embeddable":true,"href":"https:\/\/teamadp.cl\/index.php?rest_route=%2Fwp%2Fv2%2Fcomments&post=22"}],"version-history":[{"count":1,"href":"https:\/\/teamadp.cl\/index.php?rest_route=\/wp\/v2\/pages\/22\/revisions"}],"predecessor-version":[{"id":23,"href":"https:\/\/teamadp.cl\/index.php?rest_route=\/wp\/v2\/pages\/22\/revisions\/23"}],"wp:attachment":[{"href":"https:\/\/teamadp.cl\/index.php?rest_route=%2Fwp%2Fv2%2Fmedia&parent=22"}],"curies":[{"name":"wp","href":"https:\/\/api.w.org\/{rel}","templated":true}]}}